{"id":2845,"date":"2023-06-16T15:36:55","date_gmt":"2023-06-16T13:36:55","guid":{"rendered":"https:\/\/ddluxurycar.com\/politica-de-accesibilidad\/"},"modified":"2025-05-14T12:40:20","modified_gmt":"2025-05-14T10:40:20","slug":"politica-de-accesibilidad","status":"publish","type":"page","link":"https:\/\/ddluxurycar.com\/es\/politica-de-accesibilidad\/","title":{"rendered":"Pol\u00edtica de accesibilidad"},"content":{"rendered":"\t\t<div data-elementor-type=\"wp-page\" data-elementor-id=\"2845\" class=\"elementor elementor-2845 elementor-760\" data-elementor-post-type=\"page\">\n\t\t\t\t\t\t<section class=\"elementor-section elementor-top-section elementor-element elementor-element-98e1df3 elementor-section-boxed elementor-section-height-default elementor-section-height-default\" data-id=\"98e1df3\" data-element_type=\"section\" data-e-type=\"section\">\n\t\t\t\t\t\t<div class=\"elementor-container elementor-column-gap-default\">\n\t\t\t\t\t<div class=\"elementor-column elementor-col-100 elementor-top-column elementor-element elementor-element-f27ba1f\" data-id=\"f27ba1f\" data-element_type=\"column\" data-e-type=\"column\">\n\t\t\t<div class=\"elementor-widget-wrap elementor-element-populated\">\n\t\t\t\t\t\t<div class=\"elementor-element elementor-element-a32a434 elementor-widget elementor-widget-heading\" data-id=\"a32a434\" data-element_type=\"widget\" data-e-type=\"widget\" data-widget_type=\"heading.default\">\n\t\t\t\t<div class=\"elementor-widget-container\">\n\t\t\t\t\t<h1 class=\"elementor-heading-title elementor-size-default\">Pol\u00edtica de accesibilidad<\/h1>\t\t\t\t<\/div>\n\t\t\t\t<\/div>\n\t\t\t\t<div class=\"elementor-element elementor-element-b4c043b elementor-widget elementor-widget-text-editor\" data-id=\"b4c043b\" data-element_type=\"widget\" data-e-type=\"widget\" data-widget_type=\"text-editor.default\">\n\t\t\t\t<div class=\"elementor-widget-container\">\n\t\t\t\t\t\t\t\t\tLa empresa <span><strong>DDLuxuryCar<\/strong><\/span> se ha comprometido a hacer accesible su sitio web de acuerdo con el Real Decreto 1112\/2018, de 7 de septiembre, sobre accesibilidad de los sitios web y aplicaciones del sector p\u00fablico para dispositivos m\u00f3viles, o desarrollos financiados desde Europa.\n\nEsta declaraci\u00f3n de accesibilidad se aplica al siguiente sitio web <span><strong>DDLuxuryCar<\/strong><\/span>excluyendo el contenido incrustado de otros dominios.\n\n<strong>Estado de cumplimiento<\/strong>\nEste sitio web es Parcialmente Conforme con el RD 1112\/2018 debido al incumplimiento de los aspectos que se indican a continuaci\u00f3n.\n\n<strong>Contenido no accesible<\/strong>\n\nEl contenido que aparece a continuaci\u00f3n no es accesible por las siguientes razones:\n<ul>\n \t<li>Falta de conformidad:<\/li>\n \t<li>Puede haber algunas im\u00e1genes para las que la alternativa no est\u00e9 implementada o no sea correcta &#8211; &#8211; Requisito 9.1.1.1 Contenido no textual UNE-EN 301549:2022<\/li>\n \t<li>En los formularios puede haber campos cuya cumplimentaci\u00f3n no se haya facilitado mediante sistemas autom\u00e1ticos &#8211; Requisito 9.1.3.5 Identificar la finalidad de la entrada UNE-EN 301549:2022<\/li>\n \t<li>Puede haber elementos con contraste insuficiente en algunas p\u00e1ginas &#8211; Requisito 9.1.4.3 Contraste UNE-EN 301549:2020<\/li>\n \t<li>Puede haber campos de formulario en los que tu etiqueta no sea correcta o no exista &#8211; Requisito n\u00famero 9.3.3.2 Etiquetas o instrucciones de la norma UNE-EN 301549:2022<\/li>\n \t<li>Puede haber algunos errores de an\u00e1lisis sint\u00e1ctico en el c\u00f3digo &#8211; Requisito n\u00famero 9.4.1.1.1 Procesamiento de la norma UNE-EN 301549:2022<\/li>\n \t<li>Puede haber errores de edici\u00f3n ocasionales en algunas p\u00e1ginas web.<\/li>\n \t<li>Carga desproporcionada: No procede.<\/li>\n \t<li>El contenido no entra en el \u00e1mbito de la legislaci\u00f3n aplicable.\nPuede haber archivos ofim\u00e1ticos en PDF u otros formatos publicados antes del 20 de septiembre de 2018 que no cumplan plenamente todos los requisitos de accesibilidad.\nPuede haber contenido de terceros que no se desarrolle en esta Unidad ni est\u00e9 bajo su control, como archivos ofim\u00e1ticos de diferentes organismos que deber\u00edan publicarse en este sitio.<\/li>\n<\/ul>\n<strong>Observaciones e informaci\u00f3n de contacto<\/strong>\n<ul>\n \t<li>Puedes realizar comunicaciones sobre requisitos de accesibilidad [art\u00edculo 10.2.a) del RD 1112\/2018] como, por ejemplo:\nInformar de cualquier posible incumplimiento por parte de este sitio web.<\/li>\n \t<li>Transmitir otras dificultades de acceso al contenido.<\/li>\n \t<li>Cualquier otra pregunta o sugerencia de mejora sobre la accesibilidad del sitio web puede enviarse a la siguiente direcci\u00f3n <span><strong>DDCocheDeLujo<\/strong><\/span> o llamando a <span><strong>DDLuxuryCar<\/strong><\/span> de 9 a 14 horas de lunes a viernes.<\/li>\n<\/ul>\n<strong>Puedes presentarte:<\/strong>\n<ul>\n \t<li>Una denuncia sobre el cumplimiento de los requisitos del RD 1112\/2018.<\/li>\n \t<li>Una solicitud de informaci\u00f3n accesible relativa a:\n<ul>\n \t<li>Contenidos excluidos del \u00e1mbito de aplicaci\u00f3n del RD 1112\/2018 seg\u00fan lo establecido en el art\u00edculo 3, apartado 4.<\/li>\n \t<li>Contenido que est\u00e1 exento del cumplimiento de los requisitos de accesibilidad porque impone una carga desproporcionada.<\/li>\n<\/ul>\n<\/li>\n<\/ul>\nEn la solicitud de informaci\u00f3n accesible, los hechos, los motivos y la solicitud deben exponerse claramente para demostrar que se trata de una solicitud razonable y leg\u00edtima.\t\t\t\t\t\t\t\t<\/div>\n\t\t\t\t<\/div>\n\t\t\t\t\t<\/div>\n\t\t<\/div>\n\t\t\t\t\t<\/div>\n\t\t<\/section>\n\t\t\t\t<\/div>\n\t\t","protected":false},"excerpt":{"rendered":"<p>Pol\u00edtica de accesibilidad La empresa DDLuxuryCar se ha comprometido a hacer accesible su sitio web de acuerdo con el Real Decreto 1112\/2018, de 7 de septiembre, sobre accesibilidad de los sitios web y aplicaciones del sector p\u00fablico para dispositivos m\u00f3viles, o desarrollos financiados desde Europa. Esta declaraci\u00f3n de accesibilidad se aplica al siguiente sitio web [&hellip;]<\/p>\n","protected":false},"author":5,"featured_media":0,"parent":0,"menu_order":0,"comment_status":"closed","ping_status":"closed","template":"","meta":{"_acf_changed":false,"inline_featured_image":false,"footnotes":""},"tags":[],"class_list":["post-2845","page","type-page","status-publish","hentry"],"acf":[],"yoast_head":"<!-- This site is optimized with the Yoast SEO plugin v27.4 - https:\/\/yoast.com\/product\/yoast-seo-wordpress\/ -->\n<title>\u25b7Pol\u00edtica de accesibilidad - \u3010 wordpress \u3011<\/title>\n<meta name=\"description\" content=\"Pol\u00edtica de accesibilidad La empresa DDLuxuryCar se ha comprometido a hacer accesible su sitio web de acuerdo con el Real Decreto 1112\/2018, de 7 de \u2713\" \/>\n<meta name=\"robots\" content=\"noindex, nofollow\" \/>\n<meta property=\"og:locale\" content=\"es_ES\" \/>\n<meta property=\"og:type\" content=\"article\" \/>\n<meta property=\"og:title\" content=\"\u25b7Pol\u00edtica de accesibilidad - \u3010 wordpress \u3011\" \/>\n<meta property=\"og:description\" content=\"Pol\u00edtica de accesibilidad La empresa DDLuxuryCar se ha comprometido a hacer accesible su sitio web de acuerdo con el Real Decreto 1112\/2018, de 7 de \u2713\" \/>\n<meta property=\"og:url\" content=\"https:\/\/ddluxurycar.com\/es\/politica-de-accesibilidad\/\" \/>\n<meta property=\"og:site_name\" content=\"wordpress\" \/>\n<meta property=\"article:modified_time\" content=\"2025-05-14T10:40:20+00:00\" \/>\n<meta name=\"twitter:card\" content=\"summary_large_image\" \/>\n<meta name=\"twitter:label1\" content=\"Tiempo de lectura\" \/>\n\t<meta name=\"twitter:data1\" content=\"2 minutos\" \/>\n<!-- \/ Yoast SEO plugin. -->","yoast_head_json":{"title":"\u25b7Pol\u00edtica de accesibilidad - \u3010 wordpress \u3011","description":"Pol\u00edtica de accesibilidad La empresa DDLuxuryCar se ha comprometido a hacer accesible su sitio web de acuerdo con el Real Decreto 1112\/2018, de 7 de \u2713","robots":{"index":"noindex","follow":"nofollow"},"og_locale":"es_ES","og_type":"article","og_title":"\u25b7Pol\u00edtica de accesibilidad - \u3010 wordpress \u3011","og_description":"Pol\u00edtica de accesibilidad La empresa DDLuxuryCar se ha comprometido a hacer accesible su sitio web de acuerdo con el Real Decreto 1112\/2018, de 7 de \u2713","og_url":"https:\/\/ddluxurycar.com\/es\/politica-de-accesibilidad\/","og_site_name":"wordpress","article_modified_time":"2025-05-14T10:40:20+00:00","twitter_card":"summary_large_image","twitter_misc":{"Tiempo de lectura":"2 minutos"},"schema":{"@context":"https:\/\/schema.org","@graph":[{"@type":"WebPage","@id":"https:\/\/ddluxurycar.com\/es\/politica-de-accesibilidad\/","url":"https:\/\/ddluxurycar.com\/es\/politica-de-accesibilidad\/","name":"\u25b7Pol\u00edtica de accesibilidad - \u3010 wordpress \u3011","isPartOf":{"@id":"https:\/\/ddluxurycar.com\/#website"},"datePublished":"2023-06-16T13:36:55+00:00","dateModified":"2025-05-14T10:40:20+00:00","description":"Pol\u00edtica de accesibilidad La empresa DDLuxuryCar se ha comprometido a hacer accesible su sitio web de acuerdo con el Real Decreto 1112\/2018, de 7 de \u2713","breadcrumb":{"@id":"https:\/\/ddluxurycar.com\/es\/politica-de-accesibilidad\/#breadcrumb"},"inLanguage":"es","potentialAction":[{"@type":"ReadAction","target":["https:\/\/ddluxurycar.com\/es\/politica-de-accesibilidad\/"]}]},{"@type":"BreadcrumbList","@id":"https:\/\/ddluxurycar.com\/es\/politica-de-accesibilidad\/#breadcrumb","itemListElement":[{"@type":"ListItem","position":1,"name":"Portada","item":"https:\/\/ddluxurycar.com\/es\/home\/"},{"@type":"ListItem","position":2,"name":"Pol\u00edtica de accesibilidad"}]},{"@type":"WebSite","@id":"https:\/\/ddluxurycar.com\/#website","url":"https:\/\/ddluxurycar.com\/","name":"DDLuxuryCar","description":"Just another WordPress site","publisher":{"@id":"https:\/\/ddluxurycar.com\/#organization"},"potentialAction":[{"@type":"SearchAction","target":{"@type":"EntryPoint","urlTemplate":"https:\/\/ddluxurycar.com\/?s={search_term_string}"},"query-input":{"@type":"PropertyValueSpecification","valueRequired":true,"valueName":"search_term_string"}}],"inLanguage":"es"},{"@type":"Organization","@id":"https:\/\/ddluxurycar.com\/#organization","name":"DDLuxuryCar","url":"https:\/\/ddluxurycar.com\/","logo":{"@type":"ImageObject","inLanguage":"es","@id":"https:\/\/ddluxurycar.com\/#\/schema\/logo\/image\/","url":"https:\/\/ddluxurycar.com\/wp-content\/uploads\/2025\/03\/cropped-favicon.png","contentUrl":"https:\/\/ddluxurycar.com\/wp-content\/uploads\/2025\/03\/cropped-favicon.png","width":512,"height":512,"caption":"DDLuxuryCar"},"image":{"@id":"https:\/\/ddluxurycar.com\/#\/schema\/logo\/image\/"}}]}},"_links":{"self":[{"href":"https:\/\/ddluxurycar.com\/es\/wp-json\/wp\/v2\/pages\/2845","targetHints":{"allow":["GET"]}}],"collection":[{"href":"https:\/\/ddluxurycar.com\/es\/wp-json\/wp\/v2\/pages"}],"about":[{"href":"https:\/\/ddluxurycar.com\/es\/wp-json\/wp\/v2\/types\/page"}],"author":[{"embeddable":true,"href":"https:\/\/ddluxurycar.com\/es\/wp-json\/wp\/v2\/users\/5"}],"replies":[{"embeddable":true,"href":"https:\/\/ddluxurycar.com\/es\/wp-json\/wp\/v2\/comments?post=2845"}],"version-history":[{"count":3,"href":"https:\/\/ddluxurycar.com\/es\/wp-json\/wp\/v2\/pages\/2845\/revisions"}],"predecessor-version":[{"id":2860,"href":"https:\/\/ddluxurycar.com\/es\/wp-json\/wp\/v2\/pages\/2845\/revisions\/2860"}],"wp:attachment":[{"href":"https:\/\/ddluxurycar.com\/es\/wp-json\/wp\/v2\/media?parent=2845"}],"wp:term":[{"taxonomy":"post_tag","embeddable":true,"href":"https:\/\/ddluxurycar.com\/es\/wp-json\/wp\/v2\/tags?post=2845"}],"curies":[{"name":"wp","href":"https:\/\/api.w.org\/{rel}","templated":true}]}}