{"id":2763,"date":"2021-10-14T15:46:36","date_gmt":"2021-10-14T13:46:36","guid":{"rendered":"https:\/\/ddluxurycar.com\/politica-de-privacidad\/"},"modified":"2026-02-26T10:23:39","modified_gmt":"2026-02-26T09:23:39","slug":"politica-de-privacidad","status":"publish","type":"page","link":"https:\/\/ddluxurycar.com\/es\/politica-de-privacidad\/","title":{"rendered":"Pol\u00edtica de privacidad"},"content":{"rendered":"\t\t<div data-elementor-type=\"wp-page\" data-elementor-id=\"2763\" class=\"elementor elementor-2763 elementor-763\" data-elementor-post-type=\"page\">\n\t\t\t\t\t\t<section class=\"elementor-section elementor-top-section elementor-element elementor-element-bf45e40 elementor-section-boxed elementor-section-height-default elementor-section-height-default\" data-id=\"bf45e40\" data-element_type=\"section\" data-e-type=\"section\">\n\t\t\t\t\t\t<div class=\"elementor-container elementor-column-gap-default\">\n\t\t\t\t\t<div class=\"elementor-column elementor-col-100 elementor-top-column elementor-element elementor-element-3026b74\" data-id=\"3026b74\" data-element_type=\"column\" data-e-type=\"column\">\n\t\t\t<div class=\"elementor-widget-wrap elementor-element-populated\">\n\t\t\t\t\t\t<div class=\"elementor-element elementor-element-330b9f7 elementor-widget elementor-widget-heading\" data-id=\"330b9f7\" data-element_type=\"widget\" data-e-type=\"widget\" data-widget_type=\"heading.default\">\n\t\t\t\t<div class=\"elementor-widget-container\">\n\t\t\t\t\t<h1 class=\"elementor-heading-title elementor-size-default\"><b>POL\u00cdTICA DE PRIVACIDAD DDLUXURYCAR<\/b><\/h1>\t\t\t\t<\/div>\n\t\t\t\t<\/div>\n\t\t\t\t<section class=\"elementor-section elementor-inner-section elementor-element elementor-element-9658ad2 elementor-section-boxed elementor-section-height-default elementor-section-height-default\" data-id=\"9658ad2\" data-element_type=\"section\" data-e-type=\"section\">\n\t\t\t\t\t\t<div class=\"elementor-container elementor-column-gap-default\">\n\t\t\t\t\t<div class=\"elementor-column elementor-col-100 elementor-inner-column elementor-element elementor-element-591c0df\" data-id=\"591c0df\" data-element_type=\"column\" data-e-type=\"column\">\n\t\t\t<div class=\"elementor-widget-wrap elementor-element-populated\">\n\t\t\t\t\t\t<div class=\"elementor-element elementor-element-be2136e elementor-widget elementor-widget-heading\" data-id=\"be2136e\" data-element_type=\"widget\" data-e-type=\"widget\" data-widget_type=\"heading.default\">\n\t\t\t\t<div class=\"elementor-widget-container\">\n\t\t\t\t\t<h2 class=\"elementor-heading-title elementor-size-default\"><b>Informaci\u00f3n general:<\/b>\n<\/h2>\t\t\t\t<\/div>\n\t\t\t\t<\/div>\n\t\t\t\t<div class=\"elementor-element elementor-element-e285580 elementor-widget elementor-widget-text-editor\" data-id=\"e285580\" data-element_type=\"widget\" data-e-type=\"widget\" data-widget_type=\"text-editor.default\">\n\t\t\t\t<div class=\"elementor-widget-container\">\n\t\t\t\t\t\t\t\t\t<p>Informaci\u00f3n sobre el responsable del tratamiento de los datos personales: La empresa responsable del tratamiento de los datos recogidos a trav\u00e9s del Sitio Web DDLUXURYCAR.com (en adelante el Sitio Web) es la mercantil Dosmildos Luxury Group S.L., con domicilio social en C\/ Parroquia 72, 08294 El Bruc (Barcelona). Puedes ponerte en contacto con nosotros para cualquier cuesti\u00f3n relacionada con esta pol\u00edtica de privacidad en la siguiente direcci\u00f3n de correo electr\u00f3nico: legal@DDLuxuryCar.com. Tambi\u00e9n puedes ponerte en contacto con nosotros por tel\u00e9fono: +34665880701. <\/p>\t\t\t\t\t\t\t\t<\/div>\n\t\t\t\t<\/div>\n\t\t\t\t\t<\/div>\n\t\t<\/div>\n\t\t\t\t\t<\/div>\n\t\t<\/section>\n\t\t\t\t<section class=\"elementor-section elementor-inner-section elementor-element elementor-element-689d6a6 elementor-section-boxed elementor-section-height-default elementor-section-height-default\" data-id=\"689d6a6\" data-element_type=\"section\" data-e-type=\"section\">\n\t\t\t\t\t\t<div class=\"elementor-container elementor-column-gap-default\">\n\t\t\t\t\t<div class=\"elementor-column elementor-col-100 elementor-inner-column elementor-element elementor-element-10627d3\" data-id=\"10627d3\" data-element_type=\"column\" data-e-type=\"column\">\n\t\t\t<div class=\"elementor-widget-wrap elementor-element-populated\">\n\t\t\t\t\t\t<div class=\"elementor-element elementor-element-8c0d4de elementor-widget elementor-widget-heading\" data-id=\"8c0d4de\" data-element_type=\"widget\" data-e-type=\"widget\" data-widget_type=\"heading.default\">\n\t\t\t\t<div class=\"elementor-widget-container\">\n\t\t\t\t\t<h2 class=\"elementor-heading-title elementor-size-default\"><b>Finalidad del tratamiento de los datos personales:<\/b>\n<\/h2>\t\t\t\t<\/div>\n\t\t\t\t<\/div>\n\t\t\t\t<div class=\"elementor-element elementor-element-5438099 elementor-widget elementor-widget-text-editor\" data-id=\"5438099\" data-element_type=\"widget\" data-e-type=\"widget\" data-widget_type=\"text-editor.default\">\n\t\t\t\t<div class=\"elementor-widget-container\">\n\t\t\t\t\t\t\t\t\t<p>\u00bfCon qu\u00e9 fines trataremos tus datos personales? En DDLUXURYCAR trataremos tus datos personales recogidos a trav\u00e9s del Sitio Web con las siguientes finalidades: Contacto para confirmar la disponibilidad de los veh\u00edculos cuya reserva se ha solicitado. Env\u00edo de la informaci\u00f3n solicitada a trav\u00e9s de los formularios habilitados en el Sitio Web. Mantener, en caso de contrataci\u00f3n de un servicio, la relaci\u00f3n comercial, as\u00ed como la gesti\u00f3n, administraci\u00f3n, informaci\u00f3n, prestaci\u00f3n y mejora del servicio. Enviar boletines informativos, as\u00ed como comunicaciones comerciales de promociones y\/o publicidad del Sitio Web y del sector de alquiler de veh\u00edculos en general. Se recuerda a los usuarios que pueden oponerse al env\u00edo de comunicaciones comerciales por cualquier medio y en cualquier momento, enviando un correo electr\u00f3nico a la direcci\u00f3n legal@DDLuxuryCar.com. Todos los campos de dichos registros marcados con un asterisco son obligatorios, siendo imposible llevar a cabo las finalidades expresadas si no se facilitan dichos datos. Con el fin de poder ofrecerte productos y servicios acordes a tus intereses, elaboraremos un \u201cperfil comercial\u201d basado en la informaci\u00f3n facilitada. No se tomar\u00e1n decisiones automatizadas basadas en este perfil. \u00bfDurante cu\u00e1nto tiempo se conservar\u00e1n los datos personales recogidos? Los datos personales proporcionados se conservar\u00e1n mientras se mantenga la relaci\u00f3n comercial o el interesado no solicite su supresi\u00f3n.         <\/p>\t\t\t\t\t\t\t\t<\/div>\n\t\t\t\t<\/div>\n\t\t\t\t\t<\/div>\n\t\t<\/div>\n\t\t\t\t\t<\/div>\n\t\t<\/section>\n\t\t\t\t<section class=\"elementor-section elementor-inner-section elementor-element elementor-element-6ba2656 elementor-section-boxed elementor-section-height-default elementor-section-height-default\" data-id=\"6ba2656\" data-element_type=\"section\" data-e-type=\"section\">\n\t\t\t\t\t\t<div class=\"elementor-container elementor-column-gap-default\">\n\t\t\t\t\t<div class=\"elementor-column elementor-col-100 elementor-inner-column elementor-element elementor-element-d791cdd\" data-id=\"d791cdd\" data-element_type=\"column\" data-e-type=\"column\">\n\t\t\t<div class=\"elementor-widget-wrap elementor-element-populated\">\n\t\t\t\t\t\t<div class=\"elementor-element elementor-element-b8a69a0 elementor-widget elementor-widget-heading\" data-id=\"b8a69a0\" data-element_type=\"widget\" data-e-type=\"widget\" data-widget_type=\"heading.default\">\n\t\t\t\t<div class=\"elementor-widget-container\">\n\t\t\t\t\t<h2 class=\"elementor-heading-title elementor-size-default\"><b>LEGITIMACI\u00d3N:\n<\/b>\n<\/h2>\t\t\t\t<\/div>\n\t\t\t\t<\/div>\n\t\t\t\t<div class=\"elementor-element elementor-element-5c547a6 elementor-widget elementor-widget-text-editor\" data-id=\"5c547a6\" data-element_type=\"widget\" data-e-type=\"widget\" data-widget_type=\"text-editor.default\">\n\t\t\t\t<div class=\"elementor-widget-container\">\n\t\t\t\t\t\t\t\t\t<p>El tratamiento de tus datos se realiza sobre una base legal consistente en la legitimaci\u00f3n otorgada por tu solicitud de informaci\u00f3n o de presupuesto y, en su caso, por la contrataci\u00f3n de nuestros servicios, cuyos t\u00e9rminos y condiciones se pondr\u00e1n a tu disposici\u00f3n con car\u00e1cter previo a una eventual contrataci\u00f3n. En el supuesto de que el interesado no facilite sus datos o los facilite de forma inexacta o incompleta, no podremos atender su solicitud, resultando imposible facilitarle la informaci\u00f3n solicitada o llevar a cabo la contrataci\u00f3n de los servicios. El tratamiento de tus datos tambi\u00e9n estar\u00e1 legitimado mediante la base jur\u00eddica del consentimiento libre, espec\u00edfico, informado e inequ\u00edvoco, en la medida en que se te informa y pone a tu disposici\u00f3n esta pol\u00edtica de privacidad y tras leerla, si est\u00e1s de acuerdo, puedes aceptarla mediante una declaraci\u00f3n o una clara acci\u00f3n afirmativa, como marcar una casilla o hacer clic en un bot\u00f3n espec\u00edfico previsto al efecto.  <\/p>\t\t\t\t\t\t\t\t<\/div>\n\t\t\t\t<\/div>\n\t\t\t\t\t<\/div>\n\t\t<\/div>\n\t\t\t\t\t<\/div>\n\t\t<\/section>\n\t\t\t\t<section class=\"elementor-section elementor-inner-section elementor-element elementor-element-386febb elementor-section-boxed elementor-section-height-default elementor-section-height-default\" data-id=\"386febb\" data-element_type=\"section\" data-e-type=\"section\">\n\t\t\t\t\t\t<div class=\"elementor-container elementor-column-gap-default\">\n\t\t\t\t\t<div class=\"elementor-column elementor-col-100 elementor-inner-column elementor-element elementor-element-661c0e0\" data-id=\"661c0e0\" data-element_type=\"column\" data-e-type=\"column\">\n\t\t\t<div class=\"elementor-widget-wrap elementor-element-populated\">\n\t\t\t\t\t\t<div class=\"elementor-element elementor-element-6a39b86 elementor-widget elementor-widget-heading\" data-id=\"6a39b86\" data-element_type=\"widget\" data-e-type=\"widget\" data-widget_type=\"heading.default\">\n\t\t\t\t<div class=\"elementor-widget-container\">\n\t\t\t\t\t<h2 class=\"elementor-heading-title elementor-size-default\"><b>DESTINATARIOS:<\/b>\n<\/h2>\t\t\t\t<\/div>\n\t\t\t\t<\/div>\n\t\t\t\t<div class=\"elementor-element elementor-element-b7ab017 elementor-widget elementor-widget-text-editor\" data-id=\"b7ab017\" data-element_type=\"widget\" data-e-type=\"widget\" data-widget_type=\"text-editor.default\">\n\t\t\t\t<div class=\"elementor-widget-container\">\n\t\t\t\t\t\t\t\t\t<p>Los datos ser\u00e1n comunicados a otras empresas del grupo \u201cDDLUXURYCAR\u201d con C.I.F. B64044068 para fines administrativos internos, incluido el tratamiento de datos personales de clientes o empleados. Como encargados del tratamiento, hemos contratado a los siguientes proveedores de servicios, que se han comprometido a cumplir la normativa aplicable en materia de protecci\u00f3n de datos en el momento de la contrataci\u00f3n: Servicio de alojamiento web o hosting con ACENS TECHNOLOGIES, S. L. U. , que utiliza el nombre comercial de HOSTALIA, con C. I. F: B-84948736 Direcci\u00f3n: C\/ San Rafael, 14 28108 Alcobendas (Madrid) Registro Mercantil de Madrid Tomo 23. 654, libro 0, folio 155, secci\u00f3n 8, Hoja M-424478, inscripci\u00f3n 1\u00aa. Tel\u00e9fono: 900 103 253. Puedes consultar la pol\u00edtica de privacidad y otros aspectos legales de esta empresa en el siguiente enlace: https:\/\/www. hostalia. com\/politica-privacidad\/; El servicio de mailmarketing est\u00e1 contratado con The Rocket Science Group, LLC (identificada con la marca \u201cMailChimp\u201d), con domicilio social en 675 Ponce de Le\u00f3n Ave NE, Suite 5000, Atlanta, GA 30308. La pol\u00edtica de privacidad y otros aspectos legales de la empresa pueden consultarse en el siguiente enlace: https:\/\/mailchimp. com\/legal\/; MailChimp participa y ha certificado su conformidad con el marco del acuerdo entre EE.UU. y la Uni\u00f3n Europea denominado Privacy Shield, habi\u00e9ndose comprometido a someter toda la informaci\u00f3n personal recibida de pa\u00edses miembros de la Uni\u00f3n Europea a los principios derivados del Privacy Shield. Puedes obtener m\u00e1s informaci\u00f3n sobre el Escudo de la Privacidad en el sitio web del Departamento de Comercio de EE.UU.: https:\/\/www.privacyshield.gov\/welcome. Tambi\u00e9n puedes encontrar una lista de empresas adheridas al Escudo de la Privacidad en el siguiente enlace: https:\/\/www. privacyshield. gov\/list   <\/p>\t\t\t\t\t\t\t\t<\/div>\n\t\t\t\t<\/div>\n\t\t\t\t\t<\/div>\n\t\t<\/div>\n\t\t\t\t\t<\/div>\n\t\t<\/section>\n\t\t\t\t<section class=\"elementor-section elementor-inner-section elementor-element elementor-element-a579caf elementor-section-boxed elementor-section-height-default elementor-section-height-default\" data-id=\"a579caf\" data-element_type=\"section\" data-e-type=\"section\">\n\t\t\t\t\t\t<div class=\"elementor-container elementor-column-gap-default\">\n\t\t\t\t\t<div class=\"elementor-column elementor-col-100 elementor-inner-column elementor-element elementor-element-0c9ba63\" data-id=\"0c9ba63\" data-element_type=\"column\" data-e-type=\"column\">\n\t\t\t<div class=\"elementor-widget-wrap elementor-element-populated\">\n\t\t\t\t\t\t<div class=\"elementor-element elementor-element-c208bad elementor-widget elementor-widget-heading\" data-id=\"c208bad\" data-element_type=\"widget\" data-e-type=\"widget\" data-widget_type=\"heading.default\">\n\t\t\t\t<div class=\"elementor-widget-container\">\n\t\t\t\t\t<h2 class=\"elementor-heading-title elementor-size-default\"><b>DERECHOS:<\/b><\/h2>\t\t\t\t<\/div>\n\t\t\t\t<\/div>\n\t\t\t\t<div class=\"elementor-element elementor-element-ecb1ae4 elementor-widget elementor-widget-text-editor\" data-id=\"ecb1ae4\" data-element_type=\"widget\" data-e-type=\"widget\" data-widget_type=\"text-editor.default\">\n\t\t\t\t<div class=\"elementor-widget-container\">\n\t\t\t\t\t\t\t\t\t<p>Como interesado que nos has proporcionado datos personales, tienes pleno derecho a obtener confirmaci\u00f3n sobre si en DDLUXURYCAR estamos tratando datos personales que te conciernen, o no y, en particular, a ejercitar los siguientes derechos que te reconoce la normativa de protecci\u00f3n de datos y conforme a lo previsto en la misma: Derecho de ACCESO a tus datos personales Derecho a solicitar la RECTIFICACI\u00d3N de los datos inexactos Derecho a solicitar la SUPRESI\u00d3N cuando, entre otros motivos, los datos ya no sean necesarios para los fines que fueron recogidos. En determinadas circunstancias, podr\u00e1s solicitar la LIMITACI\u00d3N DEL TRATAMIENTO de tus datos, en cuyo caso s\u00f3lo los conservaremos para el ejercicio o la defensa de reclamaciones. En determinadas circunstancias y por motivos relacionados con su situaci\u00f3n particular, los interesados podr\u00e1n ejercer su derecho de OPOSICI\u00d3N al tratamiento de sus datos. Dejaremos de tratar los datos, salvo por motivos leg\u00edtimos imperiosos, o el ejercicio o la defensa de posibles reclamaciones. En determinadas circunstancias y por motivos relacionados con tu situaci\u00f3n particular, podr\u00e1s solicitar tu derecho a la PORTABILIDAD de los datos. Podr\u00e1s ejercitar estos derechos enviando una comunicaci\u00f3n a la direcci\u00f3n postal y\/o electr\u00f3nica indicada en el apartado \u201c1. Informaci\u00f3n sobre el responsable del tratamiento de datos personales\u201d. Adem\u00e1s, en el caso de que alguno de sus derechos haya sido vulnerado, el interesado tiene derecho a presentar una reclamaci\u00f3n ante la Agencia Espa\u00f1ola de Protecci\u00f3n de Datos (AEPD), en C\/ Jorge Juan, 6, 28001-Madrid o a trav\u00e9s de la sede electr\u00f3nica de la AEPD: https:\/\/sedeagpd. gob. es\/sede-electronica-web\/;        <\/p>\t\t\t\t\t\t\t\t<\/div>\n\t\t\t\t<\/div>\n\t\t\t\t\t<\/div>\n\t\t<\/div>\n\t\t\t\t\t<\/div>\n\t\t<\/section>\n\t\t\t\t\t<\/div>\n\t\t<\/div>\n\t\t\t\t\t<\/div>\n\t\t<\/section>\n\t\t\t\t<\/div>\n\t\t","protected":false},"excerpt":{"rendered":"<p>POL\u00cdTICA DE PRIVACIDAD DDLUXURYCAR Informaci\u00f3n general: Informaci\u00f3n sobre el responsable del tratamiento de los datos personales: La empresa responsable del tratamiento de los datos recogidos a trav\u00e9s del Sitio Web DDLUXURYCAR.com (en adelante el Sitio Web) es la mercantil Dosmildos Luxury Group S.L., con domicilio social en C\/ Parroquia 72, 08294 El Bruc (Barcelona). Puedes [&hellip;]<\/p>\n","protected":false},"author":5,"featured_media":0,"parent":0,"menu_order":0,"comment_status":"closed","ping_status":"closed","template":"elementor_header_footer","meta":{"_acf_changed":false,"inline_featured_image":false,"footnotes":""},"tags":[],"class_list":["post-2763","page","type-page","status-publish","hentry"],"acf":[],"yoast_head":"<!-- This site is optimized with the Yoast SEO plugin v27.4 - https:\/\/yoast.com\/product\/yoast-seo-wordpress\/ -->\n<title>Pol\u00edtica de privacidad - DDluxurycar<\/title>\n<meta name=\"description\" content=\"POL\u00cdTICA DE PRIVACIDAD DDLUXURYCAR Informaci\u00f3n general: Informaci\u00f3n sobre el responsable del tratamiento de los datos personales: La empresa responsable\" \/>\n<meta name=\"robots\" content=\"noindex, nofollow\" \/>\n<meta property=\"og:locale\" content=\"es_ES\" \/>\n<meta property=\"og:type\" content=\"article\" \/>\n<meta property=\"og:title\" content=\"Pol\u00edtica de privacidad - DDluxurycar\" \/>\n<meta property=\"og:description\" content=\"POL\u00cdTICA DE PRIVACIDAD DDLUXURYCAR Informaci\u00f3n general: Informaci\u00f3n sobre el responsable del tratamiento de los datos personales: La empresa responsable\" \/>\n<meta property=\"og:url\" content=\"https:\/\/ddluxurycar.com\/es\/politica-de-privacidad\/\" \/>\n<meta property=\"og:site_name\" content=\"wordpress\" \/>\n<meta property=\"article:modified_time\" content=\"2026-02-26T09:23:39+00:00\" \/>\n<meta name=\"twitter:card\" content=\"summary_large_image\" \/>\n<meta name=\"twitter:label1\" content=\"Tiempo de lectura\" \/>\n\t<meta name=\"twitter:data1\" content=\"5 minutos\" \/>\n<!-- \/ Yoast SEO plugin. -->","yoast_head_json":{"title":"Pol\u00edtica de privacidad - DDluxurycar","description":"POL\u00cdTICA DE PRIVACIDAD DDLUXURYCAR Informaci\u00f3n general: Informaci\u00f3n sobre el responsable del tratamiento de los datos personales: La empresa responsable","robots":{"index":"noindex","follow":"nofollow"},"og_locale":"es_ES","og_type":"article","og_title":"Pol\u00edtica de privacidad - DDluxurycar","og_description":"POL\u00cdTICA DE PRIVACIDAD DDLUXURYCAR Informaci\u00f3n general: Informaci\u00f3n sobre el responsable del tratamiento de los datos personales: La empresa responsable","og_url":"https:\/\/ddluxurycar.com\/es\/politica-de-privacidad\/","og_site_name":"wordpress","article_modified_time":"2026-02-26T09:23:39+00:00","twitter_card":"summary_large_image","twitter_misc":{"Tiempo de lectura":"5 minutos"},"schema":{"@context":"https:\/\/schema.org","@graph":[{"@type":"WebPage","@id":"https:\/\/ddluxurycar.com\/es\/politica-de-privacidad\/","url":"https:\/\/ddluxurycar.com\/es\/politica-de-privacidad\/","name":"Pol\u00edtica de privacidad - DDluxurycar","isPartOf":{"@id":"https:\/\/ddluxurycar.com\/#website"},"datePublished":"2021-10-14T13:46:36+00:00","dateModified":"2026-02-26T09:23:39+00:00","description":"POL\u00cdTICA DE PRIVACIDAD DDLUXURYCAR Informaci\u00f3n general: Informaci\u00f3n sobre el responsable del tratamiento de los datos personales: La empresa responsable","breadcrumb":{"@id":"https:\/\/ddluxurycar.com\/es\/politica-de-privacidad\/#breadcrumb"},"inLanguage":"es","potentialAction":[{"@type":"ReadAction","target":["https:\/\/ddluxurycar.com\/es\/politica-de-privacidad\/"]}]},{"@type":"BreadcrumbList","@id":"https:\/\/ddluxurycar.com\/es\/politica-de-privacidad\/#breadcrumb","itemListElement":[{"@type":"ListItem","position":1,"name":"Portada","item":"https:\/\/ddluxurycar.com\/es\/home\/"},{"@type":"ListItem","position":2,"name":"Pol\u00edtica de privacidad"}]},{"@type":"WebSite","@id":"https:\/\/ddluxurycar.com\/#website","url":"https:\/\/ddluxurycar.com\/","name":"DDLuxuryCar","description":"Just another WordPress site","publisher":{"@id":"https:\/\/ddluxurycar.com\/#organization"},"potentialAction":[{"@type":"SearchAction","target":{"@type":"EntryPoint","urlTemplate":"https:\/\/ddluxurycar.com\/?s={search_term_string}"},"query-input":{"@type":"PropertyValueSpecification","valueRequired":true,"valueName":"search_term_string"}}],"inLanguage":"es"},{"@type":"Organization","@id":"https:\/\/ddluxurycar.com\/#organization","name":"DDLuxuryCar","url":"https:\/\/ddluxurycar.com\/","logo":{"@type":"ImageObject","inLanguage":"es","@id":"https:\/\/ddluxurycar.com\/#\/schema\/logo\/image\/","url":"https:\/\/ddluxurycar.com\/wp-content\/uploads\/2025\/03\/cropped-favicon.png","contentUrl":"https:\/\/ddluxurycar.com\/wp-content\/uploads\/2025\/03\/cropped-favicon.png","width":512,"height":512,"caption":"DDLuxuryCar"},"image":{"@id":"https:\/\/ddluxurycar.com\/#\/schema\/logo\/image\/"}}]}},"_links":{"self":[{"href":"https:\/\/ddluxurycar.com\/es\/wp-json\/wp\/v2\/pages\/2763","targetHints":{"allow":["GET"]}}],"collection":[{"href":"https:\/\/ddluxurycar.com\/es\/wp-json\/wp\/v2\/pages"}],"about":[{"href":"https:\/\/ddluxurycar.com\/es\/wp-json\/wp\/v2\/types\/page"}],"author":[{"embeddable":true,"href":"https:\/\/ddluxurycar.com\/es\/wp-json\/wp\/v2\/users\/5"}],"replies":[{"embeddable":true,"href":"https:\/\/ddluxurycar.com\/es\/wp-json\/wp\/v2\/comments?post=2763"}],"version-history":[{"count":2,"href":"https:\/\/ddluxurycar.com\/es\/wp-json\/wp\/v2\/pages\/2763\/revisions"}],"predecessor-version":[{"id":3570,"href":"https:\/\/ddluxurycar.com\/es\/wp-json\/wp\/v2\/pages\/2763\/revisions\/3570"}],"wp:attachment":[{"href":"https:\/\/ddluxurycar.com\/es\/wp-json\/wp\/v2\/media?parent=2763"}],"wp:term":[{"taxonomy":"post_tag","embeddable":true,"href":"https:\/\/ddluxurycar.com\/es\/wp-json\/wp\/v2\/tags?post=2763"}],"curies":[{"name":"wp","href":"https:\/\/api.w.org\/{rel}","templated":true}]}}