{"id":2755,"date":"2025-05-07T15:36:16","date_gmt":"2025-05-07T13:36:16","guid":{"rendered":"https:\/\/ddluxurycar.com\/politica-de-cancelacion\/"},"modified":"2025-05-23T10:21:08","modified_gmt":"2025-05-23T08:21:08","slug":"politica-de-cancelacion","status":"publish","type":"page","link":"https:\/\/ddluxurycar.com\/es\/politica-de-cancelacion\/","title":{"rendered":"Pol\u00edtica de cancelaci\u00f3n"},"content":{"rendered":"\t\t<div data-elementor-type=\"wp-page\" data-elementor-id=\"2755\" class=\"elementor elementor-2755 elementor-2620\" data-elementor-post-type=\"page\">\n\t\t\t\t\t\t<section class=\"elementor-section elementor-top-section elementor-element elementor-element-bf45e40 elementor-section-boxed elementor-section-height-default elementor-section-height-default\" data-id=\"bf45e40\" data-element_type=\"section\" data-e-type=\"section\">\n\t\t\t\t\t\t<div class=\"elementor-container elementor-column-gap-default\">\n\t\t\t\t\t<div class=\"elementor-column elementor-col-100 elementor-top-column elementor-element elementor-element-3026b74\" data-id=\"3026b74\" data-element_type=\"column\" data-e-type=\"column\">\n\t\t\t<div class=\"elementor-widget-wrap elementor-element-populated\">\n\t\t\t\t\t\t<div class=\"elementor-element elementor-element-330b9f7 elementor-widget elementor-widget-heading\" data-id=\"330b9f7\" data-element_type=\"widget\" data-e-type=\"widget\" data-widget_type=\"heading.default\">\n\t\t\t\t<div class=\"elementor-widget-container\">\n\t\t\t\t\t<h1 class=\"elementor-heading-title elementor-size-default\"><b>POL\u00cdTICA DE CANCELACI\u00d3N (ddLUXURYcar.com y luxurycarentaleurope.com)<\/b><\/h1>\t\t\t\t<\/div>\n\t\t\t\t<\/div>\n\t\t\t\t<section class=\"elementor-section elementor-inner-section elementor-element elementor-element-9658ad2 elementor-section-boxed elementor-section-height-default elementor-section-height-default\" data-id=\"9658ad2\" data-element_type=\"section\" data-e-type=\"section\">\n\t\t\t\t\t\t<div class=\"elementor-container elementor-column-gap-default\">\n\t\t\t\t\t<div class=\"elementor-column elementor-col-100 elementor-inner-column elementor-element elementor-element-591c0df\" data-id=\"591c0df\" data-element_type=\"column\" data-e-type=\"column\">\n\t\t\t<div class=\"elementor-widget-wrap elementor-element-populated\">\n\t\t\t\t\t\t<div class=\"elementor-element elementor-element-e285580 elementor-widget elementor-widget-text-editor\" data-id=\"e285580\" data-element_type=\"widget\" data-e-type=\"widget\" data-widget_type=\"text-editor.default\">\n\t\t\t\t<div class=\"elementor-widget-container\">\n\t\t\t\t\t\t\t\t\t<div id=\"about\" class=\"w3-container\"><div class=\"w3-content\"><p>Puedes cancelar tu reserva sin cargo alguno hasta 10 d\u00edas antes de la fecha de inicio del alquiler siempre que no hayas contratado el servicio de entrega y recogida fuera de nuestras instalaciones, en este caso se incurrir\u00e1 en un gasto del 30%. En caso de cancelaci\u00f3n antes de 3 d\u00edas de la fecha del servicio los gastos ser\u00e1n del 30% y en caso de cancelaci\u00f3n dentro de los 3 d\u00edas anteriores los gastos ser\u00e1n del 100%. Las reservas deber\u00e1n realizarse al 100% con un m\u00ednimo de tres d\u00edas de antelaci\u00f3n a la fecha del servicio siempre y cuando se tenga contratado el servicio de entrega y recogida fuera de nuestras instalaciones, en el caso de recoger el veh\u00edculo en nuestras instalaciones se podr\u00e1 realizar el pago pendiente el mismo d\u00eda al retirar el veh\u00edculo. Si no has cancelado tu reserva y\/o no te presentas a recoger el veh\u00edculo en la fecha contratada, supondr\u00e1 la p\u00e9rdida total del importe y no tendr\u00e1s derecho a devoluci\u00f3n total ni parcial. La cancelaci\u00f3n puede realizarse a trav\u00e9s del correo electr\u00f3nico reservas@DDLuxuryCar.com o de nuestros tel\u00e9fonos de contacto. El reembolso proceder\u00e1 en un plazo m\u00e1ximo de 5 d\u00edas desde la fecha de cancelaci\u00f3n.     <\/p><\/div><\/div>\t\t\t\t\t\t\t\t<\/div>\n\t\t\t\t<\/div>\n\t\t\t\t\t<\/div>\n\t\t<\/div>\n\t\t\t\t\t<\/div>\n\t\t<\/section>\n\t\t\t\t\t<\/div>\n\t\t<\/div>\n\t\t\t\t\t<\/div>\n\t\t<\/section>\n\t\t\t\t<\/div>\n\t\t","protected":false},"excerpt":{"rendered":"<p>POL\u00cdTICA DE CANCELACI\u00d3N (ddLUXURYcar.com y luxurycarentaleurope.com) Puedes cancelar tu reserva sin cargo alguno hasta 10 d\u00edas antes de la fecha de inicio del alquiler siempre que no hayas contratado el servicio de entrega y recogida fuera de nuestras instalaciones, en este caso se incurrir\u00e1 en un gasto del 30%. En caso de cancelaci\u00f3n antes de [&hellip;]<\/p>\n","protected":false},"author":5,"featured_media":0,"parent":0,"menu_order":0,"comment_status":"closed","ping_status":"closed","template":"elementor_header_footer","meta":{"_acf_changed":false,"inline_featured_image":false,"footnotes":""},"tags":[],"class_list":["post-2755","page","type-page","status-publish","hentry"],"acf":[],"yoast_head":"<!-- This site is optimized with the Yoast SEO plugin v27.4 - https:\/\/yoast.com\/product\/yoast-seo-wordpress\/ -->\n<title>\u25b7Pol\u00edtica de cancelaci\u00f3n - \u3010 wordpress \u3011<\/title>\n<meta name=\"description\" content=\"POL\u00cdTICA DE CANCELACI\u00d3N (ddLUXURYcar.com y luxurycarentaleurope.com) Puedes cancelar tu reserva sin cargo alguno hasta 10 d\u00edas antes de la fecha de inicio \u2713\" \/>\n<meta name=\"robots\" content=\"noindex, nofollow\" \/>\n<meta property=\"og:locale\" content=\"es_ES\" \/>\n<meta property=\"og:type\" content=\"article\" \/>\n<meta property=\"og:title\" content=\"\u25b7Pol\u00edtica de cancelaci\u00f3n - \u3010 wordpress \u3011\" \/>\n<meta property=\"og:description\" content=\"POL\u00cdTICA DE CANCELACI\u00d3N (ddLUXURYcar.com y luxurycarentaleurope.com) Puedes cancelar tu reserva sin cargo alguno hasta 10 d\u00edas antes de la fecha de inicio \u2713\" \/>\n<meta property=\"og:url\" content=\"https:\/\/ddluxurycar.com\/es\/politica-de-cancelacion\/\" \/>\n<meta property=\"og:site_name\" content=\"wordpress\" \/>\n<meta property=\"article:modified_time\" content=\"2025-05-23T08:21:08+00:00\" \/>\n<meta name=\"twitter:card\" content=\"summary_large_image\" \/>\n<meta name=\"twitter:label1\" content=\"Tiempo de lectura\" \/>\n\t<meta name=\"twitter:data1\" content=\"1 minuto\" \/>\n<!-- \/ Yoast SEO plugin. -->","yoast_head_json":{"title":"\u25b7Pol\u00edtica de cancelaci\u00f3n - \u3010 wordpress \u3011","description":"POL\u00cdTICA DE CANCELACI\u00d3N (ddLUXURYcar.com y luxurycarentaleurope.com) Puedes cancelar tu reserva sin cargo alguno hasta 10 d\u00edas antes de la fecha de inicio \u2713","robots":{"index":"noindex","follow":"nofollow"},"og_locale":"es_ES","og_type":"article","og_title":"\u25b7Pol\u00edtica de cancelaci\u00f3n - \u3010 wordpress \u3011","og_description":"POL\u00cdTICA DE CANCELACI\u00d3N (ddLUXURYcar.com y luxurycarentaleurope.com) Puedes cancelar tu reserva sin cargo alguno hasta 10 d\u00edas antes de la fecha de inicio \u2713","og_url":"https:\/\/ddluxurycar.com\/es\/politica-de-cancelacion\/","og_site_name":"wordpress","article_modified_time":"2025-05-23T08:21:08+00:00","twitter_card":"summary_large_image","twitter_misc":{"Tiempo de lectura":"1 minuto"},"schema":{"@context":"https:\/\/schema.org","@graph":[{"@type":"WebPage","@id":"https:\/\/ddluxurycar.com\/es\/politica-de-cancelacion\/","url":"https:\/\/ddluxurycar.com\/es\/politica-de-cancelacion\/","name":"\u25b7Pol\u00edtica de cancelaci\u00f3n - \u3010 wordpress \u3011","isPartOf":{"@id":"https:\/\/ddluxurycar.com\/#website"},"datePublished":"2025-05-07T13:36:16+00:00","dateModified":"2025-05-23T08:21:08+00:00","description":"POL\u00cdTICA DE CANCELACI\u00d3N (ddLUXURYcar.com y luxurycarentaleurope.com) Puedes cancelar tu reserva sin cargo alguno hasta 10 d\u00edas antes de la fecha de inicio \u2713","breadcrumb":{"@id":"https:\/\/ddluxurycar.com\/es\/politica-de-cancelacion\/#breadcrumb"},"inLanguage":"es","potentialAction":[{"@type":"ReadAction","target":["https:\/\/ddluxurycar.com\/es\/politica-de-cancelacion\/"]}]},{"@type":"BreadcrumbList","@id":"https:\/\/ddluxurycar.com\/es\/politica-de-cancelacion\/#breadcrumb","itemListElement":[{"@type":"ListItem","position":1,"name":"Portada","item":"https:\/\/ddluxurycar.com\/es\/home\/"},{"@type":"ListItem","position":2,"name":"Pol\u00edtica de cancelaci\u00f3n"}]},{"@type":"WebSite","@id":"https:\/\/ddluxurycar.com\/#website","url":"https:\/\/ddluxurycar.com\/","name":"DDLuxuryCar","description":"Just another WordPress site","publisher":{"@id":"https:\/\/ddluxurycar.com\/#organization"},"potentialAction":[{"@type":"SearchAction","target":{"@type":"EntryPoint","urlTemplate":"https:\/\/ddluxurycar.com\/?s={search_term_string}"},"query-input":{"@type":"PropertyValueSpecification","valueRequired":true,"valueName":"search_term_string"}}],"inLanguage":"es"},{"@type":"Organization","@id":"https:\/\/ddluxurycar.com\/#organization","name":"DDLuxuryCar","url":"https:\/\/ddluxurycar.com\/","logo":{"@type":"ImageObject","inLanguage":"es","@id":"https:\/\/ddluxurycar.com\/#\/schema\/logo\/image\/","url":"https:\/\/ddluxurycar.com\/wp-content\/uploads\/2025\/03\/cropped-favicon.png","contentUrl":"https:\/\/ddluxurycar.com\/wp-content\/uploads\/2025\/03\/cropped-favicon.png","width":512,"height":512,"caption":"DDLuxuryCar"},"image":{"@id":"https:\/\/ddluxurycar.com\/#\/schema\/logo\/image\/"}}]}},"_links":{"self":[{"href":"https:\/\/ddluxurycar.com\/es\/wp-json\/wp\/v2\/pages\/2755","targetHints":{"allow":["GET"]}}],"collection":[{"href":"https:\/\/ddluxurycar.com\/es\/wp-json\/wp\/v2\/pages"}],"about":[{"href":"https:\/\/ddluxurycar.com\/es\/wp-json\/wp\/v2\/types\/page"}],"author":[{"embeddable":true,"href":"https:\/\/ddluxurycar.com\/es\/wp-json\/wp\/v2\/users\/5"}],"replies":[{"embeddable":true,"href":"https:\/\/ddluxurycar.com\/es\/wp-json\/wp\/v2\/comments?post=2755"}],"version-history":[{"count":2,"href":"https:\/\/ddluxurycar.com\/es\/wp-json\/wp\/v2\/pages\/2755\/revisions"}],"predecessor-version":[{"id":3569,"href":"https:\/\/ddluxurycar.com\/es\/wp-json\/wp\/v2\/pages\/2755\/revisions\/3569"}],"wp:attachment":[{"href":"https:\/\/ddluxurycar.com\/es\/wp-json\/wp\/v2\/media?parent=2755"}],"wp:term":[{"taxonomy":"post_tag","embeddable":true,"href":"https:\/\/ddluxurycar.com\/es\/wp-json\/wp\/v2\/tags?post=2755"}],"curies":[{"name":"wp","href":"https:\/\/api.w.org\/{rel}","templated":true}]}}